{"id":2623,"date":"2024-07-16T06:55:13","date_gmt":"2024-07-16T09:55:13","guid":{"rendered":"https:\/\/www.generalchains.com.br\/es\/?page_id=2623"},"modified":"2025-07-23T14:27:33","modified_gmt":"2025-07-23T17:27:33","slug":"taliscas","status":"publish","type":"page","link":"https:\/\/www.generalchains.com.br\/es\/produtos\/taliscas\/","title":{"rendered":"Tablillas"},"content":{"rendered":"\t\t<div data-elementor-type=\"wp-page\" data-elementor-id=\"2623\" class=\"elementor elementor-2623\" data-elementor-post-type=\"page\">\n\t\t\t\t\t\t<section class=\"elementor-section elementor-top-section elementor-element elementor-element-5d4f051 elementor-section-boxed elementor-section-height-default elementor-section-height-default\" data-id=\"5d4f051\" data-element_type=\"section\" data-settings=\"{&quot;background_background&quot;:&quot;gradient&quot;}\">\n\t\t\t\t\t\t\t<div class=\"elementor-background-overlay\"><\/div>\n\t\t\t\t\t\t\t<div class=\"elementor-container elementor-column-gap-default\">\n\t\t\t\t\t<div class=\"elementor-column elementor-col-100 elementor-top-column elementor-element elementor-element-1e9a011\" data-id=\"1e9a011\" data-element_type=\"column\">\n\t\t\t<div class=\"elementor-widget-wrap elementor-element-populated\">\n\t\t\t\t\t\t<div class=\"elementor-element elementor-element-6444c04 elementor-widget elementor-widget-heading\" data-id=\"6444c04\" data-element_type=\"widget\" data-widget_type=\"heading.default\">\n\t\t\t\t<div class=\"elementor-widget-container\">\n\t\t\t<style>\/*! elementor - v3.21.0 - 26-05-2024 *\/\n.elementor-heading-title{padding:0;margin:0;line-height:1}.elementor-widget-heading .elementor-heading-title[class*=elementor-size-]>a{color:inherit;font-size:inherit;line-height:inherit}.elementor-widget-heading .elementor-heading-title.elementor-size-small{font-size:15px}.elementor-widget-heading .elementor-heading-title.elementor-size-medium{font-size:19px}.elementor-widget-heading .elementor-heading-title.elementor-size-large{font-size:29px}.elementor-widget-heading .elementor-heading-title.elementor-size-xl{font-size:39px}.elementor-widget-heading .elementor-heading-title.elementor-size-xxl{font-size:59px}<\/style><h6 class=\"elementor-heading-title elementor-size-default\">PRODUCTOS<\/h6>\t\t<\/div>\n\t\t\t\t<\/div>\n\t\t\t\t\t<\/div>\n\t\t<\/div>\n\t\t\t\t\t<\/div>\n\t\t<\/section>\n\t\t\t\t<section class=\"elementor-section elementor-top-section elementor-element elementor-element-939ac56 elementor-section-boxed elementor-section-height-default elementor-section-height-default\" data-id=\"939ac56\" data-element_type=\"section\">\n\t\t\t\t\t\t<div class=\"elementor-container elementor-column-gap-default\">\n\t\t\t\t\t<div class=\"elementor-column elementor-col-100 elementor-top-column elementor-element elementor-element-bac2fbe\" data-id=\"bac2fbe\" data-element_type=\"column\">\n\t\t\t<div class=\"elementor-widget-wrap elementor-element-populated\">\n\t\t\t\t\t\t<div class=\"elementor-element elementor-element-e950038 elementor-posts__hover-none elementor-grid-3 elementor-grid-tablet-2 elementor-grid-mobile-1 elementor-posts--thumbnail-top elementor-widget elementor-widget-posts\" data-id=\"e950038\" data-element_type=\"widget\" data-settings=\"{&quot;cards_row_gap&quot;:{&quot;unit&quot;:&quot;px&quot;,&quot;size&quot;:20,&quot;sizes&quot;:[]},&quot;cards_columns&quot;:&quot;3&quot;,&quot;cards_columns_tablet&quot;:&quot;2&quot;,&quot;cards_columns_mobile&quot;:&quot;1&quot;,&quot;cards_row_gap_tablet&quot;:{&quot;unit&quot;:&quot;px&quot;,&quot;size&quot;:&quot;&quot;,&quot;sizes&quot;:[]},&quot;cards_row_gap_mobile&quot;:{&quot;unit&quot;:&quot;px&quot;,&quot;size&quot;:&quot;&quot;,&quot;sizes&quot;:[]}}\" data-widget_type=\"posts.cards\">\n\t\t\t\t<div class=\"elementor-widget-container\">\n\t\t\t<link rel=\"stylesheet\" href=\"https:\/\/www.generalchains.com.br\/es\/wp-content\/plugins\/elementor-pro\/assets\/css\/widget-posts.min.css\">\t\t<div class=\"elementor-posts-container elementor-posts elementor-posts--skin-cards elementor-grid\">\n\t\t\t\t<article class=\"elementor-post elementor-grid-item post-2585 produto type-produto status-publish has-post-thumbnail hentry categorias-de-produtos-taliscas\">\n\t\t\t<div class=\"elementor-post__card\">\n\t\t\t\t<a class=\"elementor-post__thumbnail__link\" href=\"https:\/\/www.generalchains.com.br\/es\/produto\/talisca-perfil-b1-reforco-em-l\/\" tabindex=\"-1\" ><div class=\"elementor-post__thumbnail\"><img fetchpriority=\"high\" decoding=\"async\" width=\"600\" height=\"600\" src=\"https:\/\/www.generalchains.com.br\/es\/wp-content\/uploads\/2024\/07\/fotos-produtos_0013_0954258001572896294.jpg\" class=\"attachment-medium_large size-medium_large wp-image-2506\" alt=\"\" srcset=\"https:\/\/www.generalchains.com.br\/es\/wp-content\/uploads\/2024\/07\/fotos-produtos_0013_0954258001572896294.jpg 600w, https:\/\/www.generalchains.com.br\/es\/wp-content\/uploads\/2024\/07\/fotos-produtos_0013_0954258001572896294-300x300.jpg 300w, https:\/\/www.generalchains.com.br\/es\/wp-content\/uploads\/2024\/07\/fotos-produtos_0013_0954258001572896294-150x150.jpg 150w\" sizes=\"(max-width: 600px) 100vw, 600px\" \/><\/div><\/a>\n\t\t\t\t<div class=\"elementor-post__text\">\n\t\t\t\t<h3 class=\"elementor-post__title\">\n\t\t\t<a href=\"https:\/\/www.generalchains.com.br\/es\/produto\/talisca-perfil-b1-reforco-em-l\/\" >\n\t\t\t\tTABLILLA PERFIL B1 REFUERZO EN L\t\t\t<\/a>\n\t\t<\/h3>\n\t\t\t\t<div class=\"elementor-post__excerpt\">\n\t\t\t\t\t<\/div>\n\t\t\t\t\t<div class=\"elementor-post__read-more-wrapper\">\n\t\t\n\t\t<a class=\"elementor-post__read-more\" href=\"https:\/\/www.generalchains.com.br\/es\/produto\/talisca-perfil-b1-reforco-em-l\/\" aria-label=\"Read more about TABLILLA PERFIL B1 REFUERZO EN L\" tabindex=\"-1\" >\n\t\t\tM\u00c1S INFORMACI\u00d3N\t\t<\/a>\n\n\t\t\t\t\t<\/div>\n\t\t\t\t<\/div>\n\t\t\t\t\t<\/div>\n\t\t<\/article>\n\t\t\t\t<article class=\"elementor-post elementor-grid-item post-2597 produto type-produto status-publish has-post-thumbnail hentry categorias-de-produtos-taliscas\">\n\t\t\t<div class=\"elementor-post__card\">\n\t\t\t\t<a class=\"elementor-post__thumbnail__link\" href=\"https:\/\/www.generalchains.com.br\/es\/produto\/talisca-para-transportador-metalico-de-cana-e-mata-juntas-em-aco-carbono\/\" tabindex=\"-1\" ><div class=\"elementor-post__thumbnail\"><img decoding=\"async\" width=\"600\" height=\"600\" src=\"https:\/\/www.generalchains.com.br\/es\/wp-content\/uploads\/2024\/07\/fotos-produtos_0004_0877916001565877144.jpg\" class=\"attachment-medium_large size-medium_large wp-image-2497\" alt=\"\" srcset=\"https:\/\/www.generalchains.com.br\/es\/wp-content\/uploads\/2024\/07\/fotos-produtos_0004_0877916001565877144.jpg 600w, https:\/\/www.generalchains.com.br\/es\/wp-content\/uploads\/2024\/07\/fotos-produtos_0004_0877916001565877144-300x300.jpg 300w, https:\/\/www.generalchains.com.br\/es\/wp-content\/uploads\/2024\/07\/fotos-produtos_0004_0877916001565877144-150x150.jpg 150w\" sizes=\"(max-width: 600px) 100vw, 600px\" \/><\/div><\/a>\n\t\t\t\t<div class=\"elementor-post__text\">\n\t\t\t\t<h3 class=\"elementor-post__title\">\n\t\t\t<a href=\"https:\/\/www.generalchains.com.br\/es\/produto\/talisca-para-transportador-metalico-de-cana-e-mata-juntas-em-aco-carbono\/\" >\n\t\t\t\tTABLILLAS DE ACERO CARBON PARA CONDUCTOR METALICO DE CA\u00d1A DE AZ\u00daCAR Y MADERA, JUNTAS DE ACERO CARBON\t\t\t<\/a>\n\t\t<\/h3>\n\t\t\t\t<div class=\"elementor-post__excerpt\">\n\t\t\t\t\t<\/div>\n\t\t\t\t\t<div class=\"elementor-post__read-more-wrapper\">\n\t\t\n\t\t<a class=\"elementor-post__read-more\" href=\"https:\/\/www.generalchains.com.br\/es\/produto\/talisca-para-transportador-metalico-de-cana-e-mata-juntas-em-aco-carbono\/\" aria-label=\"Read more about TABLILLAS DE ACERO CARBON PARA CONDUCTOR METALICO DE CA\u00d1A DE AZ\u00daCAR Y MADERA, JUNTAS DE ACERO CARBON\" tabindex=\"-1\" >\n\t\t\tM\u00c1S INFORMACI\u00d3N\t\t<\/a>\n\n\t\t\t\t\t<\/div>\n\t\t\t\t<\/div>\n\t\t\t\t\t<\/div>\n\t\t<\/article>\n\t\t\t\t<article class=\"elementor-post elementor-grid-item post-2595 produto type-produto status-publish has-post-thumbnail hentry categorias-de-produtos-taliscas\">\n\t\t\t<div class=\"elementor-post__card\">\n\t\t\t\t<a class=\"elementor-post__thumbnail__link\" href=\"https:\/\/www.generalchains.com.br\/es\/produto\/talisca-para-transportador-metalico-de-cana-e-mata-juntas-em-aco-inox\/\" tabindex=\"-1\" ><div class=\"elementor-post__thumbnail\"><img decoding=\"async\" width=\"600\" height=\"600\" src=\"https:\/\/www.generalchains.com.br\/es\/wp-content\/uploads\/2024\/07\/fotos-produtos_0005_0366405001565877371.jpg\" class=\"attachment-medium_large size-medium_large wp-image-2498\" alt=\"\" srcset=\"https:\/\/www.generalchains.com.br\/es\/wp-content\/uploads\/2024\/07\/fotos-produtos_0005_0366405001565877371.jpg 600w, https:\/\/www.generalchains.com.br\/es\/wp-content\/uploads\/2024\/07\/fotos-produtos_0005_0366405001565877371-300x300.jpg 300w, https:\/\/www.generalchains.com.br\/es\/wp-content\/uploads\/2024\/07\/fotos-produtos_0005_0366405001565877371-150x150.jpg 150w\" sizes=\"(max-width: 600px) 100vw, 600px\" \/><\/div><\/a>\n\t\t\t\t<div class=\"elementor-post__text\">\n\t\t\t\t<h3 class=\"elementor-post__title\">\n\t\t\t<a href=\"https:\/\/www.generalchains.com.br\/es\/produto\/talisca-para-transportador-metalico-de-cana-e-mata-juntas-em-aco-inox\/\" >\n\t\t\t\tTABLILLAS DE ACERO INOXIDABLE PARA CONDUCTOR MET\u00c1LICO DE CA\u00d1A DE AZ\u00daCAR Y MADERA, MATA JUNTAS EN ACERO CARBON\t\t\t<\/a>\n\t\t<\/h3>\n\t\t\t\t<div class=\"elementor-post__excerpt\">\n\t\t\t\t\t<\/div>\n\t\t\t\t\t<div class=\"elementor-post__read-more-wrapper\">\n\t\t\n\t\t<a class=\"elementor-post__read-more\" href=\"https:\/\/www.generalchains.com.br\/es\/produto\/talisca-para-transportador-metalico-de-cana-e-mata-juntas-em-aco-inox\/\" aria-label=\"Read more about TABLILLAS DE ACERO INOXIDABLE PARA CONDUCTOR MET\u00c1LICO DE CA\u00d1A DE AZ\u00daCAR Y MADERA, MATA JUNTAS EN ACERO CARBON\" tabindex=\"-1\" >\n\t\t\tM\u00c1S INFORMACI\u00d3N\t\t<\/a>\n\n\t\t\t\t\t<\/div>\n\t\t\t\t<\/div>\n\t\t\t\t\t<\/div>\n\t\t<\/article>\n\t\t\t\t<article class=\"elementor-post elementor-grid-item post-2599 produto type-produto status-publish has-post-thumbnail hentry categorias-de-produtos-taliscas\">\n\t\t\t<div class=\"elementor-post__card\">\n\t\t\t\t<a class=\"elementor-post__thumbnail__link\" href=\"https:\/\/www.generalchains.com.br\/es\/produto\/talisca-para-esteira-de-bagaco\/\" tabindex=\"-1\" ><div class=\"elementor-post__thumbnail\"><img loading=\"lazy\" decoding=\"async\" width=\"600\" height=\"600\" src=\"https:\/\/www.generalchains.com.br\/es\/wp-content\/uploads\/2024\/07\/fotos-produtos_0003_0348702001565876504.jpg\" class=\"attachment-medium_large size-medium_large wp-image-2496\" alt=\"\" srcset=\"https:\/\/www.generalchains.com.br\/es\/wp-content\/uploads\/2024\/07\/fotos-produtos_0003_0348702001565876504.jpg 600w, https:\/\/www.generalchains.com.br\/es\/wp-content\/uploads\/2024\/07\/fotos-produtos_0003_0348702001565876504-300x300.jpg 300w, https:\/\/www.generalchains.com.br\/es\/wp-content\/uploads\/2024\/07\/fotos-produtos_0003_0348702001565876504-150x150.jpg 150w\" sizes=\"(max-width: 600px) 100vw, 600px\" \/><\/div><\/a>\n\t\t\t\t<div class=\"elementor-post__text\">\n\t\t\t\t<h3 class=\"elementor-post__title\">\n\t\t\t<a href=\"https:\/\/www.generalchains.com.br\/es\/produto\/talisca-para-esteira-de-bagaco\/\" >\n\t\t\t\tTABLILLAS DE BAGAZO\t\t\t<\/a>\n\t\t<\/h3>\n\t\t\t\t<div class=\"elementor-post__excerpt\">\n\t\t\t\t\t<\/div>\n\t\t\t\t\t<div class=\"elementor-post__read-more-wrapper\">\n\t\t\n\t\t<a class=\"elementor-post__read-more\" href=\"https:\/\/www.generalchains.com.br\/es\/produto\/talisca-para-esteira-de-bagaco\/\" aria-label=\"Read more about TABLILLAS DE BAGAZO\" tabindex=\"-1\" >\n\t\t\tM\u00c1S INFORMACI\u00d3N\t\t<\/a>\n\n\t\t\t\t\t<\/div>\n\t\t\t\t<\/div>\n\t\t\t\t\t<\/div>\n\t\t<\/article>\n\t\t\t\t<article class=\"elementor-post elementor-grid-item post-2591 produto type-produto status-publish has-post-thumbnail hentry categorias-de-produtos-taliscas\">\n\t\t\t<div class=\"elementor-post__card\">\n\t\t\t\t<a class=\"elementor-post__thumbnail__link\" href=\"https:\/\/www.generalchains.com.br\/es\/produto\/talisca-de-mesa-alimentadora\/\" tabindex=\"-1\" ><div class=\"elementor-post__thumbnail\"><img loading=\"lazy\" decoding=\"async\" width=\"600\" height=\"600\" src=\"https:\/\/www.generalchains.com.br\/es\/wp-content\/uploads\/2024\/07\/fotos-produtos_0010_0302996001568036785.jpg\" class=\"attachment-medium_large size-medium_large wp-image-2503\" alt=\"\" srcset=\"https:\/\/www.generalchains.com.br\/es\/wp-content\/uploads\/2024\/07\/fotos-produtos_0010_0302996001568036785.jpg 600w, https:\/\/www.generalchains.com.br\/es\/wp-content\/uploads\/2024\/07\/fotos-produtos_0010_0302996001568036785-300x300.jpg 300w, https:\/\/www.generalchains.com.br\/es\/wp-content\/uploads\/2024\/07\/fotos-produtos_0010_0302996001568036785-150x150.jpg 150w\" sizes=\"(max-width: 600px) 100vw, 600px\" \/><\/div><\/a>\n\t\t\t\t<div class=\"elementor-post__text\">\n\t\t\t\t<h3 class=\"elementor-post__title\">\n\t\t\t<a href=\"https:\/\/www.generalchains.com.br\/es\/produto\/talisca-de-mesa-alimentadora\/\" >\n\t\t\t\tTABLILLAS DE LA MESA DE ALIMENTACI\u00d3N\t\t\t<\/a>\n\t\t<\/h3>\n\t\t\t\t<div class=\"elementor-post__excerpt\">\n\t\t\t\t\t<\/div>\n\t\t\t\t\t<div class=\"elementor-post__read-more-wrapper\">\n\t\t\n\t\t<a class=\"elementor-post__read-more\" href=\"https:\/\/www.generalchains.com.br\/es\/produto\/talisca-de-mesa-alimentadora\/\" aria-label=\"Read more about TABLILLAS DE LA MESA DE ALIMENTACI\u00d3N\" tabindex=\"-1\" >\n\t\t\tM\u00c1S INFORMACI\u00d3N\t\t<\/a>\n\n\t\t\t\t\t<\/div>\n\t\t\t\t<\/div>\n\t\t\t\t\t<\/div>\n\t\t<\/article>\n\t\t\t\t<article class=\"elementor-post elementor-grid-item post-2589 produto type-produto status-publish has-post-thumbnail hentry categorias-de-produtos-taliscas\">\n\t\t\t<div class=\"elementor-post__card\">\n\t\t\t\t<a class=\"elementor-post__thumbnail__link\" href=\"https:\/\/www.generalchains.com.br\/es\/produto\/talisca-de-mesa-receptora-de-madeira\/\" tabindex=\"-1\" ><div class=\"elementor-post__thumbnail\"><img loading=\"lazy\" decoding=\"async\" width=\"600\" height=\"600\" src=\"https:\/\/www.generalchains.com.br\/es\/wp-content\/uploads\/2024\/07\/fotos-produtos_0011_0343296001565879301.jpg\" class=\"attachment-medium_large size-medium_large wp-image-2504\" alt=\"\" srcset=\"https:\/\/www.generalchains.com.br\/es\/wp-content\/uploads\/2024\/07\/fotos-produtos_0011_0343296001565879301.jpg 600w, https:\/\/www.generalchains.com.br\/es\/wp-content\/uploads\/2024\/07\/fotos-produtos_0011_0343296001565879301-300x300.jpg 300w, https:\/\/www.generalchains.com.br\/es\/wp-content\/uploads\/2024\/07\/fotos-produtos_0011_0343296001565879301-150x150.jpg 150w\" sizes=\"(max-width: 600px) 100vw, 600px\" \/><\/div><\/a>\n\t\t\t\t<div class=\"elementor-post__text\">\n\t\t\t\t<h3 class=\"elementor-post__title\">\n\t\t\t<a href=\"https:\/\/www.generalchains.com.br\/es\/produto\/talisca-de-mesa-receptora-de-madeira\/\" >\n\t\t\t\tTABLILLAS DE MESA DE RECEPCI\u00d3N DE MADERA\t\t\t<\/a>\n\t\t<\/h3>\n\t\t\t\t<div class=\"elementor-post__excerpt\">\n\t\t\t\t\t<\/div>\n\t\t\t\t\t<div class=\"elementor-post__read-more-wrapper\">\n\t\t\n\t\t<a class=\"elementor-post__read-more\" href=\"https:\/\/www.generalchains.com.br\/es\/produto\/talisca-de-mesa-receptora-de-madeira\/\" aria-label=\"Read more about TABLILLAS DE MESA DE RECEPCI\u00d3N DE MADERA\" tabindex=\"-1\" >\n\t\t\tM\u00c1S INFORMACI\u00d3N\t\t<\/a>\n\n\t\t\t\t\t<\/div>\n\t\t\t\t<\/div>\n\t\t\t\t\t<\/div>\n\t\t<\/article>\n\t\t\t\t<article class=\"elementor-post elementor-grid-item post-2601 produto type-produto status-publish has-post-thumbnail hentry categorias-de-produtos-taliscas\">\n\t\t\t<div class=\"elementor-post__card\">\n\t\t\t\t<a class=\"elementor-post__thumbnail__link\" href=\"https:\/\/www.generalchains.com.br\/es\/produto\/talisca-entre-moendas\/\" tabindex=\"-1\" ><div class=\"elementor-post__thumbnail\"><img loading=\"lazy\" decoding=\"async\" width=\"600\" height=\"600\" src=\"https:\/\/www.generalchains.com.br\/es\/wp-content\/uploads\/2024\/07\/fotos-produtos_0001_0887589001565876174.jpg\" class=\"attachment-medium_large size-medium_large wp-image-2494\" alt=\"\" srcset=\"https:\/\/www.generalchains.com.br\/es\/wp-content\/uploads\/2024\/07\/fotos-produtos_0001_0887589001565876174.jpg 600w, https:\/\/www.generalchains.com.br\/es\/wp-content\/uploads\/2024\/07\/fotos-produtos_0001_0887589001565876174-300x300.jpg 300w, https:\/\/www.generalchains.com.br\/es\/wp-content\/uploads\/2024\/07\/fotos-produtos_0001_0887589001565876174-150x150.jpg 150w\" sizes=\"(max-width: 600px) 100vw, 600px\" \/><\/div><\/a>\n\t\t\t\t<div class=\"elementor-post__text\">\n\t\t\t\t<h3 class=\"elementor-post__title\">\n\t\t\t<a href=\"https:\/\/www.generalchains.com.br\/es\/produto\/talisca-entre-moendas\/\" >\n\t\t\t\tTABLILLAS ENTRE MOLINOS\t\t\t<\/a>\n\t\t<\/h3>\n\t\t\t\t<div class=\"elementor-post__excerpt\">\n\t\t\t\t\t<\/div>\n\t\t\t\t\t<div class=\"elementor-post__read-more-wrapper\">\n\t\t\n\t\t<a class=\"elementor-post__read-more\" href=\"https:\/\/www.generalchains.com.br\/es\/produto\/talisca-entre-moendas\/\" aria-label=\"Read more about TABLILLAS ENTRE MOLINOS\" tabindex=\"-1\" >\n\t\t\tM\u00c1S INFORMACI\u00d3N\t\t<\/a>\n\n\t\t\t\t\t<\/div>\n\t\t\t\t<\/div>\n\t\t\t\t\t<\/div>\n\t\t<\/article>\n\t\t\t\t<article class=\"elementor-post elementor-grid-item post-2593 produto type-produto status-publish has-post-thumbnail hentry categorias-de-produtos-taliscas\">\n\t\t\t<div class=\"elementor-post__card\">\n\t\t\t\t<a class=\"elementor-post__thumbnail__link\" href=\"https:\/\/www.generalchains.com.br\/es\/produto\/talisca-de-esteira-de-cana\/\" tabindex=\"-1\" ><div class=\"elementor-post__thumbnail\"><img loading=\"lazy\" decoding=\"async\" width=\"600\" height=\"600\" src=\"https:\/\/www.generalchains.com.br\/es\/wp-content\/uploads\/2024\/07\/fotos-produtos_0008_0604076001565877571.jpg\" class=\"attachment-medium_large size-medium_large wp-image-2501\" alt=\"\" srcset=\"https:\/\/www.generalchains.com.br\/es\/wp-content\/uploads\/2024\/07\/fotos-produtos_0008_0604076001565877571.jpg 600w, https:\/\/www.generalchains.com.br\/es\/wp-content\/uploads\/2024\/07\/fotos-produtos_0008_0604076001565877571-300x300.jpg 300w, https:\/\/www.generalchains.com.br\/es\/wp-content\/uploads\/2024\/07\/fotos-produtos_0008_0604076001565877571-150x150.jpg 150w\" sizes=\"(max-width: 600px) 100vw, 600px\" \/><\/div><\/a>\n\t\t\t\t<div class=\"elementor-post__text\">\n\t\t\t\t<h3 class=\"elementor-post__title\">\n\t\t\t<a href=\"https:\/\/www.generalchains.com.br\/es\/produto\/talisca-de-esteira-de-cana\/\" >\n\t\t\t\tTABLILLAS PARA CA\u00d1A DE AZ\u00daCAR\t\t\t<\/a>\n\t\t<\/h3>\n\t\t\t\t<div class=\"elementor-post__excerpt\">\n\t\t\t\t\t<\/div>\n\t\t\t\t\t<div class=\"elementor-post__read-more-wrapper\">\n\t\t\n\t\t<a class=\"elementor-post__read-more\" href=\"https:\/\/www.generalchains.com.br\/es\/produto\/talisca-de-esteira-de-cana\/\" aria-label=\"Read more about TABLILLAS PARA CA\u00d1A DE AZ\u00daCAR\" tabindex=\"-1\" >\n\t\t\tM\u00c1S INFORMACI\u00d3N\t\t<\/a>\n\n\t\t\t\t\t<\/div>\n\t\t\t\t<\/div>\n\t\t\t\t\t<\/div>\n\t\t<\/article>\n\t\t\t\t<article class=\"elementor-post elementor-grid-item post-2587 produto type-produto status-publish has-post-thumbnail hentry categorias-de-produtos-taliscas\">\n\t\t\t<div class=\"elementor-post__card\">\n\t\t\t\t<a class=\"elementor-post__thumbnail__link\" href=\"https:\/\/www.generalchains.com.br\/es\/produto\/talisca-em-tubo-tipo-gadanho\/\" tabindex=\"-1\" ><div class=\"elementor-post__thumbnail\"><img loading=\"lazy\" decoding=\"async\" width=\"600\" height=\"600\" src=\"https:\/\/www.generalchains.com.br\/es\/wp-content\/uploads\/2024\/07\/fotos-produtos_0012_0494894001572895831.jpg\" class=\"attachment-medium_large size-medium_large wp-image-2505\" alt=\"\" srcset=\"https:\/\/www.generalchains.com.br\/es\/wp-content\/uploads\/2024\/07\/fotos-produtos_0012_0494894001572895831.jpg 600w, https:\/\/www.generalchains.com.br\/es\/wp-content\/uploads\/2024\/07\/fotos-produtos_0012_0494894001572895831-300x300.jpg 300w, https:\/\/www.generalchains.com.br\/es\/wp-content\/uploads\/2024\/07\/fotos-produtos_0012_0494894001572895831-150x150.jpg 150w\" sizes=\"(max-width: 600px) 100vw, 600px\" \/><\/div><\/a>\n\t\t\t\t<div class=\"elementor-post__text\">\n\t\t\t\t<h3 class=\"elementor-post__title\">\n\t\t\t<a href=\"https:\/\/www.generalchains.com.br\/es\/produto\/talisca-em-tubo-tipo-gadanho\/\" >\n\t\t\t\tTABLILLAS TUBULAR TIPO GADA\u00d1O\t\t\t<\/a>\n\t\t<\/h3>\n\t\t\t\t<div class=\"elementor-post__excerpt\">\n\t\t\t\t\t<\/div>\n\t\t\t\t\t<div class=\"elementor-post__read-more-wrapper\">\n\t\t\n\t\t<a class=\"elementor-post__read-more\" href=\"https:\/\/www.generalchains.com.br\/es\/produto\/talisca-em-tubo-tipo-gadanho\/\" aria-label=\"Read more about TABLILLAS TUBULAR TIPO GADA\u00d1O\" tabindex=\"-1\" >\n\t\t\tM\u00c1S INFORMACI\u00d3N\t\t<\/a>\n\n\t\t\t\t\t<\/div>\n\t\t\t\t<\/div>\n\t\t\t\t\t<\/div>\n\t\t<\/article>\n\t\t\t\t<\/div>\n\t\t\n\t\t\t\t<\/div>\n\t\t\t\t<\/div>\n\t\t\t\t\t<\/div>\n\t\t<\/div>\n\t\t\t\t\t<\/div>\n\t\t<\/section>\n\t\t\t\t<section class=\"elementor-section elementor-top-section elementor-element elementor-element-fabda4c elementor-section-boxed elementor-section-height-default elementor-section-height-default\" data-id=\"fabda4c\" data-element_type=\"section\" data-settings=\"{&quot;background_background&quot;:&quot;slideshow&quot;,&quot;background_slideshow_ken_burns&quot;:&quot;yes&quot;,&quot;background_slideshow_gallery&quot;:[{&quot;id&quot;:2288,&quot;url&quot;:&quot;https:\\\/\\\/www.generalchains.com.br\\\/es\\\/wp-content\\\/uploads\\\/2024\\\/06\\\/video-general-extendido.00_01_02_03.Still015.jpg&quot;},{&quot;id&quot;:2292,&quot;url&quot;:&quot;https:\\\/\\\/www.generalchains.com.br\\\/es\\\/wp-content\\\/uploads\\\/2024\\\/06\\\/video-general-extendido.00_01_10_21.Still019.jpg&quot;},{&quot;id&quot;:2284,&quot;url&quot;:&quot;https:\\\/\\\/www.generalchains.com.br\\\/es\\\/wp-content\\\/uploads\\\/2024\\\/06\\\/video-general-extendido.00_00_48_27.Still011.jpg&quot;}],&quot;background_slideshow_loop&quot;:&quot;yes&quot;,&quot;background_slideshow_slide_duration&quot;:5000,&quot;background_slideshow_slide_transition&quot;:&quot;fade&quot;,&quot;background_slideshow_transition_duration&quot;:500,&quot;background_slideshow_ken_burns_zoom_direction&quot;:&quot;in&quot;}\">\n\t\t\t\t\t\t\t<div class=\"elementor-background-overlay\"><\/div>\n\t\t\t\t\t\t\t<div class=\"elementor-container elementor-column-gap-default\">\n\t\t\t\t\t<div class=\"elementor-column elementor-col-100 elementor-top-column elementor-element elementor-element-ab60153\" data-id=\"ab60153\" data-element_type=\"column\">\n\t\t\t<div class=\"elementor-widget-wrap elementor-element-populated\">\n\t\t\t\t\t\t<div class=\"elementor-element elementor-element-b87683d elementor-widget elementor-widget-heading\" data-id=\"b87683d\" data-element_type=\"widget\" data-widget_type=\"heading.default\">\n\t\t\t\t<div class=\"elementor-widget-container\">\n\t\t\t<h2 class=\"elementor-heading-title elementor-size-default\">Ponte en contacto con nosotros y conoce m\u00e1s sobre nuestros productos.<\/h2>\t\t<\/div>\n\t\t\t\t<\/div>\n\t\t\t\t<div class=\"elementor-element elementor-element-1e22d81 elementor-align-center elementor-widget elementor-widget-button\" data-id=\"1e22d81\" data-element_type=\"widget\" data-widget_type=\"button.default\">\n\t\t\t\t<div class=\"elementor-widget-container\">\n\t\t\t\t\t<div class=\"elementor-button-wrapper\">\n\t\t\t<a class=\"elementor-button elementor-button-link elementor-size-sm\" href=\"https:\/\/www.generalchains.com.br\/es\/#contato\">\n\t\t\t\t\t\t<span class=\"elementor-button-content-wrapper\">\n\t\t\t\t\t\t\t\t\t<span class=\"elementor-button-text\">CONTACTO<\/span>\n\t\t\t\t\t<\/span>\n\t\t\t\t\t<\/a>\n\t\t<\/div>\n\t\t\t\t<\/div>\n\t\t\t\t<\/div>\n\t\t\t\t\t<\/div>\n\t\t<\/div>\n\t\t\t\t\t<\/div>\n\t\t<\/section>\n\t\t\t\t<\/div>\n\t\t","protected":false},"excerpt":{"rendered":"<p>PRODUCTOS Ponte en contacto con nosotros y conoce m\u00e1s sobre nuestros productos. CONTACTO<\/p>\n","protected":false},"author":1,"featured_media":0,"parent":2255,"menu_order":0,"comment_status":"closed","ping_status":"closed","template":"elementor_header_footer","meta":{"footnotes":""},"class_list":["post-2623","page","type-page","status-publish","hentry"],"_links":{"self":[{"href":"https:\/\/www.generalchains.com.br\/es\/wp-json\/wp\/v2\/pages\/2623","targetHints":{"allow":["GET"]}}],"collection":[{"href":"https:\/\/www.generalchains.com.br\/es\/wp-json\/wp\/v2\/pages"}],"about":[{"href":"https:\/\/www.generalchains.com.br\/es\/wp-json\/wp\/v2\/types\/page"}],"author":[{"embeddable":true,"href":"https:\/\/www.generalchains.com.br\/es\/wp-json\/wp\/v2\/users\/1"}],"replies":[{"embeddable":true,"href":"https:\/\/www.generalchains.com.br\/es\/wp-json\/wp\/v2\/comments?post=2623"}],"version-history":[{"count":10,"href":"https:\/\/www.generalchains.com.br\/es\/wp-json\/wp\/v2\/pages\/2623\/revisions"}],"predecessor-version":[{"id":2745,"href":"https:\/\/www.generalchains.com.br\/es\/wp-json\/wp\/v2\/pages\/2623\/revisions\/2745"}],"up":[{"embeddable":true,"href":"https:\/\/www.generalchains.com.br\/es\/wp-json\/wp\/v2\/pages\/2255"}],"wp:attachment":[{"href":"https:\/\/www.generalchains.com.br\/es\/wp-json\/wp\/v2\/media?parent=2623"}],"curies":[{"name":"wp","href":"https:\/\/api.w.org\/{rel}","templated":true}]}}